{"id":13,"date":"2024-02-04T17:04:16","date_gmt":"2024-02-04T17:04:16","guid":{"rendered":"http:\/\/naviero.net\/index.php\/about\/"},"modified":"2024-02-04T17:04:16","modified_gmt":"2024-02-04T17:04:16","slug":"about","status":"publish","type":"page","link":"https:\/\/naviero.net\/index.php\/about\/","title":{"rendered":"About"},"content":{"rendered":"\n<section class=\"hts-section hts-page hts-about\">\n    <div class=\"hts-about-header\">\n        <div class=\"hts-about-header-content\">\n            <div class=\"hts-about-body\">\n                <div>\n                    <h1>Sobre Nosotros<\/h1>\n                    <p>Terapias para tu bienestar<\/p>\n                <\/div>\n            <\/div>\n            <div class=\"hts-about-image\">\n                <div class=\"hts-image-wrapper\">\n                    <img decoding=\"async\" src=\"https:\/\/images.unsplash.com\/photo-1451838844623-21ec4c764570?crop=entropy\" title=\"Photo by Scott Webb\" alt=\"a tall building with a sky background\">                    <span class=\"hts-unsplash-data\">Photo by <a href=\"https:\/\/unsplash.com\/@scottwebb?utm_source=hostinger&#038;utm_medium=referral\" rel=\"nofollow\">Scott Webb<\/a> on <a href=\"https:\/\/unsplash.com\/?utm_source=hostinger&#038;utm_medium=referral\" rel=\"nofollow\">Unsplash<\/a><\/span>                <\/div>\n            <\/div>\n        <\/div>\n    <\/div>\n    <hr class=\"full\">\n    <div class=\"hts-details\">\n                <div class=\"hts-about-story\">\n            <h2 class=\"hts-title\">MY STORY<\/h2>\n            <div class=\"hts-description\">\n                En Naviero somos un instituto de terapias dedicado a ofrecer soluciones para mejorar tu bienestar f\u00edsico y emocional. Nuestros profesionales altamente capacitados est\u00e1n aqu\u00ed para brindarte una atenci\u00f3n personalizada y ayudarte a encontrar el equilibrio que necesitas. Conf\u00eda en nosotros para tu camino hacia una vida m\u00e1s saludable y feliz.            <\/div>\n        <\/div>\n        \n        <div class=\"hts-gallery\">\n            <div class=\"hts-image-wrapper hts-bottom\">\n                <img decoding=\"async\" src=\"https:\/\/images.unsplash.com\/photo-1614459253272-5c76d9ef5782?crop=entropy\" title=\"Photo by Yana Marudova\" alt=\"brown concrete staircase with stainless steel railings\"><span class=\"hts-unsplash-data\">Photo by <a href=\"https:\/\/unsplash.com\/@yanamrdv?utm_source=hostinger&#038;utm_medium=referral\" rel=\"nofollow\">Yana Marudova<\/a> on <a href=\"https:\/\/unsplash.com\/?utm_source=hostinger&#038;utm_medium=referral\" rel=\"nofollow\">Unsplash<\/a><\/span>            <\/div>\n            <div class=\"hts-image-wrapper hts-bottom\">\n                <img decoding=\"async\" src=\"https:\/\/images.unsplash.com\/photo-1692153610017-bdec76d27690?crop=entropy\" title=\"Photo by Milin John\" alt=\"a view of a building from the outside\"><span class=\"hts-unsplash-data\">Photo by <a href=\"https:\/\/unsplash.com\/@milinjohn?utm_source=hostinger&#038;utm_medium=referral\" rel=\"nofollow\">Milin John<\/a> on <a href=\"https:\/\/unsplash.com\/?utm_source=hostinger&#038;utm_medium=referral\" rel=\"nofollow\">Unsplash<\/a><\/span>            <\/div>\n        <\/div>\n    <\/div>\n<\/section><section class=\"hts-section hts-newsletter\">\n\t<hr class=\"full\">\n\t<div class=\"wrapper\">\n\t<div>\n\t\t<h3 class=\"hts-title\">Newsletter<\/h3>\n\t\t<p>Subscribe to stay up-to-date with my latest creative projects, insights, and tips.<\/p>\n\t<\/div>\n\t<div class=\"hts-newsletter-block\">\n\t\t<form>\n\t\t\t<input type=\"hidden\" id=\"newsletter_nonce\" name=\"newsletter_nonce\" value=\"7535d66b96\" \/><input type=\"hidden\" name=\"_wp_http_referer\" value=\"\/index.php\/wp-json\/wp\/v2\/pages\/13\" \/>\t\t\t<label for=\"hts-newsletter-email\">Email<\/label>\n\t\t\t<input type=\"email\"\n\t\t\t       id=\"hts-newsletter-email\"\n\t\t\t       name=\"newsletter_email\"\n\t\t\t       placeholder=\"What\u2019s your email?\">\n\t\t\t<div class=\"validate-message\"><\/div>\n\t\t\t<div class=\"hts-privacy-agree\">\n\t\t\t\t<label class=\"hts-form-control\">\n\t\t\t\t<input type=\"checkbox\" id=\"privacy-policy-checkbox\" name=\"privacy_policy\" required>\n\t\t\t\t<\/label>\n\t\t\t\t<span>\n\t\t\t\t\tI consent to use of my email address for the purpose of receiving newsletters as described in <a href=\"\" target=\"_blank\">Privacy Policy<\/a>, which I have read. I may withdraw my consent at any time.\t\t\t\t<\/span>\n\t\t\t<\/div>\n\t\t\t<input type=\"submit\" class=\"btn primary\" value=\"Subscribe\"\/>\n\t\t<\/form>\n\t<\/div>\n\t<\/div>\n<\/section>","protected":false},"excerpt":{"rendered":"","protected":false},"author":1,"featured_media":0,"parent":0,"menu_order":0,"comment_status":"closed","ping_status":"closed","template":"","meta":{"footnotes":""},"class_list":["post-13","page","type-page","status-publish","hentry"],"_links":{"self":[{"href":"https:\/\/naviero.net\/index.php\/wp-json\/wp\/v2\/pages\/13","targetHints":{"allow":["GET"]}}],"collection":[{"href":"https:\/\/naviero.net\/index.php\/wp-json\/wp\/v2\/pages"}],"about":[{"href":"https:\/\/naviero.net\/index.php\/wp-json\/wp\/v2\/types\/page"}],"author":[{"embeddable":true,"href":"https:\/\/naviero.net\/index.php\/wp-json\/wp\/v2\/users\/1"}],"replies":[{"embeddable":true,"href":"https:\/\/naviero.net\/index.php\/wp-json\/wp\/v2\/comments?post=13"}],"version-history":[{"count":0,"href":"https:\/\/naviero.net\/index.php\/wp-json\/wp\/v2\/pages\/13\/revisions"}],"wp:attachment":[{"href":"https:\/\/naviero.net\/index.php\/wp-json\/wp\/v2\/media?parent=13"}],"curies":[{"name":"wp","href":"https:\/\/api.w.org\/{rel}","templated":true}]}}